{"id":9,"date":"2023-08-19T14:44:35","date_gmt":"2023-08-19T17:44:35","guid":{"rendered":"https:\/\/alphaville.santoagostinho.com.br\/?page_id=9"},"modified":"2023-08-19T14:50:00","modified_gmt":"2023-08-19T17:50:00","slug":"pagina-inicial","status":"publish","type":"page","link":"https:\/\/alphaville.santoagostinho.com.br\/index.php\/pagina-inicial\/","title":{"rendered":"P\u00e1gina Inicial"},"content":{"rendered":"\t\t<div data-elementor-type=\"wp-page\" data-elementor-id=\"9\" class=\"elementor elementor-9\">\n\t\t\t\t\t\t<section class=\"elementor-section elementor-top-section elementor-element elementor-element-40b0c10 elementor-section-boxed elementor-section-height-default elementor-section-height-default\" data-id=\"40b0c10\" data-element_type=\"section\">\n\t\t\t\t\t\t<div class=\"elementor-container elementor-column-gap-default\">\n\t\t\t\t\t<div class=\"elementor-column elementor-col-100 elementor-top-column elementor-element elementor-element-d0294cb\" data-id=\"d0294cb\" data-element_type=\"column\">\n\t\t\t<div class=\"elementor-widget-wrap elementor-element-populated\">\n\t\t\t\t\t\t<div class=\"elementor-element elementor-element-7d03e4a elementor-widget elementor-widget-image\" data-id=\"7d03e4a\" data-element_type=\"widget\" data-widget_type=\"image.default\">\n\t\t\t\t<div class=\"elementor-widget-container\">\n\t\t\t\t\t\t\t\t\t\t\t\t\t\t\t<img decoding=\"async\" width=\"300\" height=\"110\" src=\"https:\/\/alphaville.santoagostinho.com.br\/wp-content\/uploads\/2023\/08\/Logo-Unidades-Colegio-Santo-Agostinho-300x110.png\" class=\"attachment-medium size-medium wp-image-12\" alt=\"\" srcset=\"https:\/\/alphaville.santoagostinho.com.br\/wp-content\/uploads\/2023\/08\/Logo-Unidades-Colegio-Santo-Agostinho-300x110.png 300w, https:\/\/alphaville.santoagostinho.com.br\/wp-content\/uploads\/2023\/08\/Logo-Unidades-Colegio-Santo-Agostinho.png 742w\" sizes=\"(max-width: 300px) 100vw, 300px\" \/>\t\t\t\t\t\t\t\t\t\t\t\t\t\t\t<\/div>\n\t\t\t\t<\/div>\n\t\t\t\t<div class=\"elementor-element elementor-element-27d78c1 elementor-widget elementor-widget-heading\" data-id=\"27d78c1\" data-element_type=\"widget\" data-widget_type=\"heading.default\">\n\t\t\t\t<div class=\"elementor-widget-container\">\n\t\t\t\t\t<h1 class=\"elementor-heading-title elementor-size-medium\">Nova unidade ser\u00e1 lan\u00e7ada no Alphaville - Lagoa dos Ingleses, em Nova Lima\/MG, at\u00e9 2027.<\/h1>\t\t\t\t<\/div>\n\t\t\t\t<\/div>\n\t\t\t\t\t<\/div>\n\t\t<\/div>\n\t\t\t\t\t<\/div>\n\t\t<\/section>\n\t\t\t\t<\/div>\n\t\t","protected":false},"excerpt":{"rendered":"<p>Nova unidade ser\u00e1 lan\u00e7ada no Alphaville &#8211; Lagoa dos Ingleses, em Nova Lima\/MG, at\u00e9 2027.<\/p>\n","protected":false},"author":1,"featured_media":0,"parent":0,"menu_order":0,"comment_status":"closed","ping_status":"closed","template":"elementor_canvas","meta":{"footnotes":""},"class_list":["post-9","page","type-page","status-publish","hentry"],"acf":[],"yoast_head":"<!-- This site is optimized with the Yoast SEO plugin v26.4 - https:\/\/yoast.com\/wordpress\/plugins\/seo\/ -->\n<title>Col\u00e9gio Santo Agostinho - Gente que Forma Gente<\/title>\n<meta name=\"description\" content=\"Nova unidade ser\u00e1 lan\u00e7ada no Alphaville - Lagoa dos Ingleses, em Nova Lima\/MG, at\u00e9 2027.\" \/>\n<meta name=\"robots\" content=\"index, follow, max-snippet:-1, max-image-preview:large, max-video-preview:-1\" \/>\n<link rel=\"canonical\" href=\"https:\/\/alphaville.santoagostinho.com.br\/index.php\/pagina-inicial\/\" \/>\n<meta property=\"og:locale\" content=\"en_US\" \/>\n<meta property=\"og:type\" content=\"article\" \/>\n<meta property=\"og:title\" content=\"Col\u00e9gio Santo Agostinho - Gente que Forma Gente\" \/>\n<meta property=\"og:description\" content=\"Nova unidade ser\u00e1 lan\u00e7ada no Alphaville - Lagoa dos Ingleses, em Nova Lima\/MG, at\u00e9 2027.\" \/>\n<meta property=\"og:url\" content=\"https:\/\/alphaville.santoagostinho.com.br\/index.php\/pagina-inicial\/\" \/>\n<meta property=\"og:site_name\" content=\"Col\u00e9gio Santo Agostinho - Gente que Forma Gente\" \/>\n<meta property=\"article:modified_time\" content=\"2023-08-19T17:50:00+00:00\" \/>\n<meta property=\"og:image\" content=\"http:\/\/alphaville.santoagostinho.com.br\/wp-content\/uploads\/2023\/08\/Logo-Unidades-Colegio-Santo-Agostinho-300x110.png\" \/>\n<meta name=\"twitter:card\" content=\"summary_large_image\" \/>\n<meta name=\"twitter:label1\" content=\"Est. reading time\" \/>\n\t<meta name=\"twitter:data1\" content=\"1 minute\" \/>\n<script type=\"application\/ld+json\" class=\"yoast-schema-graph\">{\"@context\":\"https:\/\/schema.org\",\"@graph\":[{\"@type\":\"WebPage\",\"@id\":\"https:\/\/alphaville.santoagostinho.com.br\/index.php\/pagina-inicial\/\",\"url\":\"https:\/\/alphaville.santoagostinho.com.br\/index.php\/pagina-inicial\/\",\"name\":\"Col\u00e9gio Santo Agostinho - Gente que Forma Gente\",\"isPartOf\":{\"@id\":\"https:\/\/alphaville.santoagostinho.com.br\/#website\"},\"primaryImageOfPage\":{\"@id\":\"https:\/\/alphaville.santoagostinho.com.br\/index.php\/pagina-inicial\/#primaryimage\"},\"image\":{\"@id\":\"https:\/\/alphaville.santoagostinho.com.br\/index.php\/pagina-inicial\/#primaryimage\"},\"thumbnailUrl\":\"http:\/\/alphaville.santoagostinho.com.br\/wp-content\/uploads\/2023\/08\/Logo-Unidades-Colegio-Santo-Agostinho-300x110.png\",\"datePublished\":\"2023-08-19T17:44:35+00:00\",\"dateModified\":\"2023-08-19T17:50:00+00:00\",\"description\":\"Nova unidade ser\u00e1 lan\u00e7ada no Alphaville - Lagoa dos Ingleses, em Nova Lima\/MG, at\u00e9 2027.\",\"breadcrumb\":{\"@id\":\"https:\/\/alphaville.santoagostinho.com.br\/index.php\/pagina-inicial\/#breadcrumb\"},\"inLanguage\":\"en-US\",\"potentialAction\":[{\"@type\":\"ReadAction\",\"target\":[\"https:\/\/alphaville.santoagostinho.com.br\/index.php\/pagina-inicial\/\"]}]},{\"@type\":\"ImageObject\",\"inLanguage\":\"en-US\",\"@id\":\"https:\/\/alphaville.santoagostinho.com.br\/index.php\/pagina-inicial\/#primaryimage\",\"url\":\"http:\/\/alphaville.santoagostinho.com.br\/wp-content\/uploads\/2023\/08\/Logo-Unidades-Colegio-Santo-Agostinho-300x110.png\",\"contentUrl\":\"http:\/\/alphaville.santoagostinho.com.br\/wp-content\/uploads\/2023\/08\/Logo-Unidades-Colegio-Santo-Agostinho-300x110.png\"},{\"@type\":\"BreadcrumbList\",\"@id\":\"https:\/\/alphaville.santoagostinho.com.br\/index.php\/pagina-inicial\/#breadcrumb\",\"itemListElement\":[{\"@type\":\"ListItem\",\"position\":1,\"name\":\"In\u00edcio\",\"item\":\"https:\/\/alphaville.santoagostinho.com.br\/\"},{\"@type\":\"ListItem\",\"position\":2,\"name\":\"P\u00e1gina Inicial\"}]},{\"@type\":\"WebSite\",\"@id\":\"https:\/\/alphaville.santoagostinho.com.br\/#website\",\"url\":\"https:\/\/alphaville.santoagostinho.com.br\/\",\"name\":\"Col\u00e9gio Santo Agostinho - Gente que Forma Gente\",\"description\":\"\",\"potentialAction\":[{\"@type\":\"SearchAction\",\"target\":{\"@type\":\"EntryPoint\",\"urlTemplate\":\"https:\/\/alphaville.santoagostinho.com.br\/?s={search_term_string}\"},\"query-input\":{\"@type\":\"PropertyValueSpecification\",\"valueRequired\":true,\"valueName\":\"search_term_string\"}}],\"inLanguage\":\"en-US\"}]}<\/script>\n<!-- \/ Yoast SEO plugin. -->","yoast_head_json":{"title":"Col\u00e9gio Santo Agostinho - Gente que Forma Gente","description":"Nova unidade ser\u00e1 lan\u00e7ada no Alphaville - Lagoa dos Ingleses, em Nova Lima\/MG, at\u00e9 2027.","robots":{"index":"index","follow":"follow","max-snippet":"max-snippet:-1","max-image-preview":"max-image-preview:large","max-video-preview":"max-video-preview:-1"},"canonical":"https:\/\/alphaville.santoagostinho.com.br\/index.php\/pagina-inicial\/","og_locale":"en_US","og_type":"article","og_title":"Col\u00e9gio Santo Agostinho - Gente que Forma Gente","og_description":"Nova unidade ser\u00e1 lan\u00e7ada no Alphaville - Lagoa dos Ingleses, em Nova Lima\/MG, at\u00e9 2027.","og_url":"https:\/\/alphaville.santoagostinho.com.br\/index.php\/pagina-inicial\/","og_site_name":"Col\u00e9gio Santo Agostinho - Gente que Forma Gente","article_modified_time":"2023-08-19T17:50:00+00:00","og_image":[{"url":"http:\/\/alphaville.santoagostinho.com.br\/wp-content\/uploads\/2023\/08\/Logo-Unidades-Colegio-Santo-Agostinho-300x110.png","type":"","width":"","height":""}],"twitter_card":"summary_large_image","twitter_misc":{"Est. reading time":"1 minute"},"schema":{"@context":"https:\/\/schema.org","@graph":[{"@type":"WebPage","@id":"https:\/\/alphaville.santoagostinho.com.br\/index.php\/pagina-inicial\/","url":"https:\/\/alphaville.santoagostinho.com.br\/index.php\/pagina-inicial\/","name":"Col\u00e9gio Santo Agostinho - Gente que Forma Gente","isPartOf":{"@id":"https:\/\/alphaville.santoagostinho.com.br\/#website"},"primaryImageOfPage":{"@id":"https:\/\/alphaville.santoagostinho.com.br\/index.php\/pagina-inicial\/#primaryimage"},"image":{"@id":"https:\/\/alphaville.santoagostinho.com.br\/index.php\/pagina-inicial\/#primaryimage"},"thumbnailUrl":"http:\/\/alphaville.santoagostinho.com.br\/wp-content\/uploads\/2023\/08\/Logo-Unidades-Colegio-Santo-Agostinho-300x110.png","datePublished":"2023-08-19T17:44:35+00:00","dateModified":"2023-08-19T17:50:00+00:00","description":"Nova unidade ser\u00e1 lan\u00e7ada no Alphaville - Lagoa dos Ingleses, em Nova Lima\/MG, at\u00e9 2027.","breadcrumb":{"@id":"https:\/\/alphaville.santoagostinho.com.br\/index.php\/pagina-inicial\/#breadcrumb"},"inLanguage":"en-US","potentialAction":[{"@type":"ReadAction","target":["https:\/\/alphaville.santoagostinho.com.br\/index.php\/pagina-inicial\/"]}]},{"@type":"ImageObject","inLanguage":"en-US","@id":"https:\/\/alphaville.santoagostinho.com.br\/index.php\/pagina-inicial\/#primaryimage","url":"http:\/\/alphaville.santoagostinho.com.br\/wp-content\/uploads\/2023\/08\/Logo-Unidades-Colegio-Santo-Agostinho-300x110.png","contentUrl":"http:\/\/alphaville.santoagostinho.com.br\/wp-content\/uploads\/2023\/08\/Logo-Unidades-Colegio-Santo-Agostinho-300x110.png"},{"@type":"BreadcrumbList","@id":"https:\/\/alphaville.santoagostinho.com.br\/index.php\/pagina-inicial\/#breadcrumb","itemListElement":[{"@type":"ListItem","position":1,"name":"In\u00edcio","item":"https:\/\/alphaville.santoagostinho.com.br\/"},{"@type":"ListItem","position":2,"name":"P\u00e1gina Inicial"}]},{"@type":"WebSite","@id":"https:\/\/alphaville.santoagostinho.com.br\/#website","url":"https:\/\/alphaville.santoagostinho.com.br\/","name":"Col\u00e9gio Santo Agostinho - Gente que Forma Gente","description":"","potentialAction":[{"@type":"SearchAction","target":{"@type":"EntryPoint","urlTemplate":"https:\/\/alphaville.santoagostinho.com.br\/?s={search_term_string}"},"query-input":{"@type":"PropertyValueSpecification","valueRequired":true,"valueName":"search_term_string"}}],"inLanguage":"en-US"}]}},"_links":{"self":[{"href":"https:\/\/alphaville.santoagostinho.com.br\/index.php\/wp-json\/wp\/v2\/pages\/9","targetHints":{"allow":["GET"]}}],"collection":[{"href":"https:\/\/alphaville.santoagostinho.com.br\/index.php\/wp-json\/wp\/v2\/pages"}],"about":[{"href":"https:\/\/alphaville.santoagostinho.com.br\/index.php\/wp-json\/wp\/v2\/types\/page"}],"author":[{"embeddable":true,"href":"https:\/\/alphaville.santoagostinho.com.br\/index.php\/wp-json\/wp\/v2\/users\/1"}],"replies":[{"embeddable":true,"href":"https:\/\/alphaville.santoagostinho.com.br\/index.php\/wp-json\/wp\/v2\/comments?post=9"}],"version-history":[{"count":8,"href":"https:\/\/alphaville.santoagostinho.com.br\/index.php\/wp-json\/wp\/v2\/pages\/9\/revisions"}],"predecessor-version":[{"id":24,"href":"https:\/\/alphaville.santoagostinho.com.br\/index.php\/wp-json\/wp\/v2\/pages\/9\/revisions\/24"}],"wp:attachment":[{"href":"https:\/\/alphaville.santoagostinho.com.br\/index.php\/wp-json\/wp\/v2\/media?parent=9"}],"curies":[{"name":"wp","href":"https:\/\/api.w.org\/{rel}","templated":true}]}}